{"id":2073,"date":"2015-02-22T21:35:18","date_gmt":"2015-02-22T20:35:18","guid":{"rendered":"https:\/\/www.berendybeatrix.hu\/?page_id=2073"},"modified":"2021-03-18T22:34:23","modified_gmt":"2021-03-18T21:34:23","slug":"elerhetoseg","status":"publish","type":"page","link":"https:\/\/www.berendybeatrix.hu\/?page_id=2073","title":{"rendered":"El\u00e9rhet\u0151s\u00e9g"},"content":{"rendered":"<div class=\"row \">\n<div class=\"span2 \"><img decoding=\"async\" loading=\"lazy\" class=\" wp-image-2103 size-full alignleft\" src=\"https:\/\/www.berendybeatrix.hu\/wp-content\/uploads\/2015\/02\/7.jpg\" alt=\"\" width=\"200\" height=\"200\" \/><br \/><\/div>\n<div class=\"span4 \"><section class=\"lazy-load-box trigger effect-slidefromleft \" data-delay=\"200\" data-speed=\"1000\" style=\"-webkit-transition: all 1000ms ease; -moz-transition: all 1000ms ease; -ms-transition: all 1000ms ease; -o-transition: all 1000ms ease; transition: all 1000ms ease;\">\n<p>1074 Budapest, Rottenbiller u. 16-22.<br \/>\n+36 70 466 6700<br \/>\n<a href=\"mailto:ugyvediiroda@berendybeatrix.hu\" title=\"\u00dczenet k\u00fcld\u00e9se\">ugyvediiroda@berendybeatrix.hu<\/a><\/p>\n<p>fogad\u00e1s bejelentkez\u00e9sre<\/p>\n<\/section><\/div>\n<div class=\"span4 \"><section class=\"lazy-load-box trigger effect-zoomin \" data-delay=\"200\" data-speed=\"1000\" style=\"-webkit-transition: all 1000ms ease; -moz-transition: all 1000ms ease; -ms-transition: all 1000ms ease; -o-transition: all 1000ms ease; transition: all 1000ms ease;\">\n<iframe src=\"https:\/\/www.google.com\/maps\/embed?pb=!1m18!1m12!1m3!1d2695.385635778041!2d19.075088915504296!3d47.501880579177936!2m3!1f0!2f0!3f0!3m2!1i1024!2i768!4f13.1!3m3!1m2!1s0x4741dc6398dcc40d%3A0xe24b7ad831fea45!2sBudapest%2C%20Rottenbiller%20u.%2016-22%2C%201074!5e0!3m2!1shu!2shu!4v1616103363763!5m2!1shu!2shu\" width=\"600\" height=\"200\" style=\"border:0;\" allowfullscreen=\"\" loading=\"lazy\"><\/iframe><br \/>\n<\/section><\/div>\n<\/div><!-- .row (end) -->\n<div class=\"row \">\n<div class=\"span2 \"><h2><\/h2><\/div>\n<div class=\"span8 \"><\/div>\n<\/div><!-- .row (end) -->\n","protected":false},"excerpt":{"rendered":"","protected":false},"author":1,"featured_media":0,"parent":0,"menu_order":0,"comment_status":"closed","ping_status":"open","template":"page-home.php","meta":[],"_links":{"self":[{"href":"https:\/\/www.berendybeatrix.hu\/index.php?rest_route=\/wp\/v2\/pages\/2073"}],"collection":[{"href":"https:\/\/www.berendybeatrix.hu\/index.php?rest_route=\/wp\/v2\/pages"}],"about":[{"href":"https:\/\/www.berendybeatrix.hu\/index.php?rest_route=\/wp\/v2\/types\/page"}],"author":[{"embeddable":true,"href":"https:\/\/www.berendybeatrix.hu\/index.php?rest_route=\/wp\/v2\/users\/1"}],"replies":[{"embeddable":true,"href":"https:\/\/www.berendybeatrix.hu\/index.php?rest_route=%2Fwp%2Fv2%2Fcomments&post=2073"}],"version-history":[{"count":21,"href":"https:\/\/www.berendybeatrix.hu\/index.php?rest_route=\/wp\/v2\/pages\/2073\/revisions"}],"predecessor-version":[{"id":4132,"href":"https:\/\/www.berendybeatrix.hu\/index.php?rest_route=\/wp\/v2\/pages\/2073\/revisions\/4132"}],"wp:attachment":[{"href":"https:\/\/www.berendybeatrix.hu\/index.php?rest_route=%2Fwp%2Fv2%2Fmedia&parent=2073"}],"curies":[{"name":"wp","href":"https:\/\/api.w.org\/{rel}","templated":true}]}}