{"id":2069,"date":"2015-02-22T21:33:04","date_gmt":"2015-02-22T20:33:04","guid":{"rendered":"https:\/\/www.berendybeatrix.hu\/?page_id=2069"},"modified":"2015-05-25T20:10:32","modified_gmt":"2015-05-25T19:10:32","slug":"jogteruletek","status":"publish","type":"page","link":"https:\/\/www.berendybeatrix.hu\/?page_id=2069","title":{"rendered":"Jogter\u00fcletek"},"content":{"rendered":"<div class=\"row \">\n<div class=\"span4 \"><img decoding=\"async\" loading=\"lazy\" class=\" wp-image-2103 size-full alignleft\" src=\"https:\/\/www.berendybeatrix.hu\/wp-content\/uploads\/2015\/02\/slide-3.jpg\" alt=\"\" width=\"300\" height=\"300\" \/><br \/><\/div>\n<div class=\"span8 \"><section class=\"lazy-load-box trigger effect-slidefromright \" data-delay=\"200\" data-speed=\"1000\" style=\"-webkit-transition: all 1000ms ease; -moz-transition: all 1000ms ease; -ms-transition: all 1000ms ease; -o-transition: all 1000ms ease; transition: all 1000ms ease;\">\n<table>\n<tr>\n<td width=\"300\">t\u00e1rsas\u00e1gi jog<\/td>\n<td>csal\u00e1djog<\/td>\n<\/tr>\n<tr>\n<td>t\u00e1rsadalmi szervezetek joga<\/td>\n<td>\u00f6r\u00f6kl\u00e9si jog<\/td>\n<\/tr>\n<tr>\n<td>kereskedelmi jog<\/td>\n<td>szellemi alkot\u00e1sok joga<\/td>\n<\/tr>\n<tr>\n<td>p\u00e9nz\u00fcgyi jog<\/td>\n<td>munkajog<\/td>\n<\/tr>\n<tr>\n<td>ingatlanjog<\/td>\n<td>k\u00f6zigazgat\u00e1si jog<\/td>\n<\/tr>\n<tr>\n<td>oktat\u00e1sjog<\/td>\n<td>sportjog<\/td>\n<\/tr>\n<tr>\n<td>egyh\u00e1zjog<\/td>\n<td>b\u00fcntet\u0151jog<\/td>\n<\/tr>\n<\/table>\n<\/section><\/div>\n<\/div><!-- .row (end) -->\n","protected":false},"excerpt":{"rendered":"","protected":false},"author":1,"featured_media":0,"parent":0,"menu_order":0,"comment_status":"closed","ping_status":"open","template":"page-home.php","meta":[],"_links":{"self":[{"href":"https:\/\/www.berendybeatrix.hu\/index.php?rest_route=\/wp\/v2\/pages\/2069"}],"collection":[{"href":"https:\/\/www.berendybeatrix.hu\/index.php?rest_route=\/wp\/v2\/pages"}],"about":[{"href":"https:\/\/www.berendybeatrix.hu\/index.php?rest_route=\/wp\/v2\/types\/page"}],"author":[{"embeddable":true,"href":"https:\/\/www.berendybeatrix.hu\/index.php?rest_route=\/wp\/v2\/users\/1"}],"replies":[{"embeddable":true,"href":"https:\/\/www.berendybeatrix.hu\/index.php?rest_route=%2Fwp%2Fv2%2Fcomments&post=2069"}],"version-history":[{"count":15,"href":"https:\/\/www.berendybeatrix.hu\/index.php?rest_route=\/wp\/v2\/pages\/2069\/revisions"}],"predecessor-version":[{"id":2168,"href":"https:\/\/www.berendybeatrix.hu\/index.php?rest_route=\/wp\/v2\/pages\/2069\/revisions\/2168"}],"wp:attachment":[{"href":"https:\/\/www.berendybeatrix.hu\/index.php?rest_route=%2Fwp%2Fv2%2Fmedia&parent=2069"}],"curies":[{"name":"wp","href":"https:\/\/api.w.org\/{rel}","templated":true}]}}